{"id":6337,"date":"2024-07-09T12:44:19","date_gmt":"2024-07-09T12:44:19","guid":{"rendered":"https:\/\/pkpools.quatrys.fr\/politique-de-confidentialite\/"},"modified":"2024-07-09T12:44:19","modified_gmt":"2024-07-09T12:44:19","slug":"politique-de-confidentialite","status":"publish","type":"page","link":"https:\/\/pk-pools.fr\/en\/politique-de-confidentialite\/","title":{"rendered":"Politique de confidentialit\u00e9"},"content":{"rendered":"\n<p>La soci\u00e9t\u00e9 PK POOLS est soucieuse de la protection de vos donn\u00e9es personnelles. Elle s\u2019engage \u00e0 assurer le meilleur niveau de protection \u00e0 vos donn\u00e9es personnelles collect\u00e9es, en conformit\u00e9 avec les r\u00e9glementations europ\u00e9ennes et fran\u00e7aise qui lui sont applicables.<\/p>\n\n\n\n<p>Pour toute information sur la protection des donn\u00e9es personnelles, vous pouvez \u00e9galement consulter le site de la Commission Nationale Informatique et Libert\u00e9 : https:<em>\/\/www.cnil.fr\/<\/em><\/p>\n\n\n\n<p>Le responsable de traitement est M. Pierre Sabatier en sa qualit\u00e9 de G\u00e9rant de la soci\u00e9t\u00e9 PK POOLS.<\/p>\n\n\n\n<p>Les donn\u00e9es vous concernant sont trait\u00e9es par la soci\u00e9t\u00e9 PK POOLS. Ces informations et celles de vos commandes sont trait\u00e9es principalement pour cr\u00e9er et g\u00e9rer votre compte, g\u00e9rer vos commandes et leurs suivis, personnaliser vos services, la pr\u00e9vention de la fraude, les analyses statistiques ainsi qu\u2019\u00e0 des fins de marketing et publicit\u00e9 cibl\u00e9e (connaissance client, envoi de communications \u00e9lectroniques et profilage publicitaire par combinaison de donn\u00e9es). Ces traitements peuvent \u00eatre fond\u00e9s sur diff\u00e9rentes bases l\u00e9gales en fonction des finalit\u00e9s concern\u00e9es. \u00c0 tout moment vous gardez la possibilit\u00e9 de retirer votre consentement (voir ci-dessous pour les modalit\u00e9s).<\/p>\n\n\n\n<p>Nous collectons et traitons notamment vos nom, pr\u00e9nom, adresse, adresse email, num\u00e9ro de t\u00e9l\u00e9phone, mot de passe (li\u00e9 \u00e0 l\u2019utilisation de notre site), adresse IP, donn\u00e9es de connexions et donn\u00e9es de navigation, historiques de commandes, pr\u00e9f\u00e9rences, produits consult\u00e9s, incidents de livraisons, r\u00e9clamations. Dans certains cas, nous pouvons collecter des donn\u00e9es de localisation par exemple pour vous indiquer le magasin le plus proche de chez vous.<\/p>\n\n\n\n<p>Le caract\u00e8re obligatoire ou facultatif des donn\u00e9es vous est signal\u00e9 lors de la collecte par un ast\u00e9risque. Certaines donn\u00e9es sont collect\u00e9es automatiquement du fait de vos actions sur le site.<\/p>\n\n\n\n<p>Nous collectons les informations que vous nous fournissez \u00e0 diff\u00e9rents moments notamment lors<\/p>\n\n\n\n<p>&#8211; D\u2019une commande,<\/p>\n\n\n\n<p>&#8211; D\u2019une inscription \u00e0 votre compte client,<\/p>\n\n\n\n<p>&#8211; De la navigation sur le site<\/p>\n\n\n\n<p>&#8211; Du contact via un formulaire<\/p>\n\n\n\n<p>&#8211; De la participation \u00e0 un jeu ou un concours<\/p>\n\n\n\n<p>&#8211; De la consultation de publicit\u00e9<\/p>\n\n\n\n<p>&#8211; De la r\u00e9daction d\u2019un avis<\/p>\n\n\n\n<p>&#8211; De l\u2019inscription \u00e0 la newsletter<\/p>\n\n\n\n<p>Suite aux informations fournies, vous pouvez recevoir de la part de la soci\u00e9t\u00e9 PK POOLS des informations de service li\u00e9es \u00e0 vos pr\u00e9c\u00e9dentes commandes ou demande de devis ainsi que des informations publicitaires du type newsletter (si vous vous y \u00eates inscrit).<\/p>\n\n\n\n<p>Les donn\u00e9es que nous collectons peuvent \u00eatre transmises aux prestataires (sous-traitants) auxquels la soci\u00e9t\u00e9 PK POOLS fait appel pour la r\u00e9alisation de ses services, dans le cadre des finalit\u00e9s mentionn\u00e9es, par exemple pour la gestion, l\u2019ex\u00e9cution, le traitement, le paiement de vos commandes ainsi que pour des op\u00e9rations marketings.<\/p>\n\n\n\n<p>Les articles de ce site peuvent inclure des contenus int\u00e9gr\u00e9s (par exemple des vid\u00e9os, images, articles\u2026). Le contenu int\u00e9gr\u00e9 depuis d\u2019autres sites se comporte de la m\u00eame mani\u00e8re que si le visiteur se rendait sur cet autre site. Ces sites web pourraient collecter des donn\u00e9es sur vous, utiliser des cookies, embarquer des outils de suivis tiers, suivre vos interactions avec ces contenus embarqu\u00e9s si vous disposez d\u2019un compte connect\u00e9 sur leur site web.<\/p>\n\n\n\n<p>Vous pouvez g\u00e9rer vos donn\u00e9es personnelles et exprimer vos choix \u00e0 tout moment en vous rendant dans \u00ab mon compte \u00bb, en g\u00e9rant vos cookies (depuis votre navigateur), en vous d\u00e9sinscrivant depuis un mail. Vous pouvez exercer vos droits (acc\u00e8s, rectification, suppression, opposition, limitation et portabilit\u00e9 le cas \u00e9ch\u00e9ant) et d\u00e9finir le sort de vos donn\u00e9es personnelles \u00ab post mortem \u00bb en contactant le D\u00e9l\u00e9gu\u00e9 \u00e0 la Protection des Donn\u00e9es la soci\u00e9t\u00e9 PK POOLS \u00e0 l&#8217;adresse contact@pk-pools.fr ou par courrier \u00e0 l&#8217;adresse suivante : Pierre Sabatier &#8211; PK POOLS &#8211; 239 CHEMIN DE MALPAS AU BATUT &#8211; 81600 GAILLAC<\/p>\n\n\n\n<p>Vous disposez par ailleurs, du droit d\u2019introduire une r\u00e9clamation aupr\u00e8s de la Commission Nationale de l\u2019Informatique et des Libert\u00e9s (CNIL), notamment sur son site internet http:<em>\/\/www.cnil.fr\/.<\/em><\/p>\n\n\n\n<p>Les donn\u00e9es vous concernant seront conserv\u00e9es pendant une dur\u00e9e de 3 ans \u00e0 compter de votre derni\u00e8re activit\u00e9 (ex : achat ou \u00e9ch\u00e9ance de vos contrats) puis archiv\u00e9es avec un acc\u00e8s restreint pour une dur\u00e9e suppl\u00e9mentaire de 2 ans pour des raisons strictement limit\u00e9es et autoris\u00e9es par la loi (paiement, garantie, litiges \u2026). Vous \u00eates inform\u00e9s que vos donn\u00e9es peuvent \u00eatre transmises pour les besoins des finalit\u00e9s mentionn\u00e9es ci-avant \u00e0 des soci\u00e9t\u00e9s situ\u00e9es en dehors de l\u2019Union Europ\u00e9enne notamment pour les activit\u00e9s de service client, prestations informatiques, exploitation des donn\u00e9es en lien avec les r\u00e9seaux sociaux. Toute proc\u00e9dure requise pour s\u00e9curiser les donn\u00e9es sera mise en \u0153uvre avant de proc\u00e9der \u00e0 de tels transferts.<\/p>\n","protected":false},"excerpt":{"rendered":"<p>La soci\u00e9t\u00e9 PK POOLS est soucieuse de la protection de vos donn\u00e9es personnelles. Elle s\u2019engage \u00e0 assurer le meilleur niveau de protection \u00e0 vos donn\u00e9es personnelles collect\u00e9es, en conformit\u00e9 avec les r\u00e9glementations europ\u00e9ennes et fran\u00e7aise qui lui sont applicables. Pour toute information sur la protection des donn\u00e9es personnelles, vous pouvez<\/p>\n","protected":false},"author":1,"featured_media":0,"parent":0,"menu_order":0,"comment_status":"closed","ping_status":"closed","template":"","meta":{"inline_featured_image":false,"slim_seo":{"title":"Politique de confidentialit\u00e9 - PK POOLS - Les piscines du futur","description":"La soci\u00e9t\u00e9 PK POOLS est soucieuse de la protection de vos donn\u00e9es personnelles. Elle s\u2019engage \u00e0 assurer le meilleur niveau de protection \u00e0 vos donn\u00e9es personnel"},"footnotes":""},"class_list":["post-6337","page","type-page","status-publish","hentry"],"_links":{"self":[{"href":"https:\/\/pk-pools.fr\/en\/wp-json\/wp\/v2\/pages\/6337","targetHints":{"allow":["GET"]}}],"collection":[{"href":"https:\/\/pk-pools.fr\/en\/wp-json\/wp\/v2\/pages"}],"about":[{"href":"https:\/\/pk-pools.fr\/en\/wp-json\/wp\/v2\/types\/page"}],"author":[{"embeddable":true,"href":"https:\/\/pk-pools.fr\/en\/wp-json\/wp\/v2\/users\/1"}],"replies":[{"embeddable":true,"href":"https:\/\/pk-pools.fr\/en\/wp-json\/wp\/v2\/comments?post=6337"}],"version-history":[{"count":0,"href":"https:\/\/pk-pools.fr\/en\/wp-json\/wp\/v2\/pages\/6337\/revisions"}],"wp:attachment":[{"href":"https:\/\/pk-pools.fr\/en\/wp-json\/wp\/v2\/media?parent=6337"}],"curies":[{"name":"wp","href":"https:\/\/api.w.org\/{rel}","templated":true}]}}