{"id":6338,"date":"2024-07-09T12:42:45","date_gmt":"2024-07-09T12:42:45","guid":{"rendered":"https:\/\/pkpools.quatrys.fr\/politique-de-cookies\/"},"modified":"2024-07-09T12:42:45","modified_gmt":"2024-07-09T12:42:45","slug":"politique-de-cookies","status":"publish","type":"page","link":"https:\/\/pk-pools.fr\/en\/politique-de-cookies\/","title":{"rendered":"Politique de cookies"},"content":{"rendered":"\n<p>La soci\u00e9t\u00e9 PK POOLS utilise des cookies n\u00e9cessaires au fonctionnement du site. Certains cookies sont dits de tra\u00e7age car ils permettent au site internet d\u2019identifier votre navigateur afin de conserver l\u2019information de connexion \u00e0 votre compte, des informations de votre panier, de vos pr\u00e9f\u00e9rences.<\/p>\n\n\n\n<p>La soci\u00e9t\u00e9 PK POOLS utilise des cookies d\u2019analyse Analytics. En activant les cookies Analytics, les donn\u00e9es vous concernant feront l\u2019objet d\u2019un traitement dont le responsable est Pierre Sabatier<\/p>\n\n\n\n<p>Ces informations seront recueillies afin d\u2019effectuer des mesures d\u2019audience, de statistiques, dans le but d\u2019am\u00e9liorer la qualit\u00e9 des outils du site internet, de d\u00e9tecter d\u2019\u00e9ventuels probl\u00e8mes et de pouvoir proposer de nouveaux contenus.<\/p>\n\n\n\n<p>La soci\u00e9t\u00e9 PK POOLS n\u2019a pas la ma\u00eetrise sur les cookies qui peuvent \u00eatre d\u00e9pos\u00e9s par notre outil d\u2019analyse Google Analytics, maintenu par Google LLC, sise au 1600 Amphitheatre Parkway, Mountain View, CA 94043, \u00c9tats-Unis.<\/p>\n\n\n\n<p>Pour comprendre les cookies d\u00e9pos\u00e9s dans le cadre de l\u2019analyse de trafic, cliquez-ici.<\/p>\n\n\n\n<p>Nous avons choisi de conserver les donn\u00e9es collect\u00e9es dans et par Google Analytics pendant une dur\u00e9e de 50 mois.<\/p>\n\n\n\n<p>En activant les cookies de r\u00e9seaux sociaux, les donn\u00e9es vous concernant feront l\u2019objet d\u2019un traitement dont le responsable est Pierre Sabatier. Les pages contenant des boutons r\u00e9seaux sociaux, donnent la possibilit\u00e9 aux r\u00e9seaux sociaux de poser des traceurs pour analyser vos centres d\u2019int\u00e9r\u00eats conform\u00e9ment \u00e0 leur charte respective d\u2019utilisation des donn\u00e9es desdits r\u00e9seaux.<\/p>\n\n\n\n<p>La soci\u00e9t\u00e9 PK POOLS n\u2019a pas la ma\u00eetrise sur les cookies qui peuvent \u00eatre d\u00e9pos\u00e9s par les r\u00e9seaux sociaux et vous invite \u00e0 vous rendre sur les diff\u00e9rentes plateformes afin de prendre connaissance de l\u2019utilisation faites de ces informations recueillies par l\u2019affichage de ces boutons. Ces r\u00e9seaux sociaux sont, au jour de la cr\u00e9ation de cette charte : LinkedIn, Facebook, Instagram, Twitter, YouTube, Pinterest. Cette liste peut \u00e9voluer au fil du temps.<\/p>\n\n\n\n<p>En activant les cookies de publicit\u00e9 cibl\u00e9e, les donn\u00e9es vous concernant feront l\u2019objet d\u2019un traitement dont le responsable est Pierre Sabatier. Elles seront utilis\u00e9es pour vous pr\u00e9senter de la publicit\u00e9 selon vos centres d\u2019int\u00e9r\u00eats et qui seront plus susceptibles de vous int\u00e9resser. Cette publicit\u00e9 cibl\u00e9e est r\u00e9alis\u00e9e avec des plateformes externes : Facebook ou Google<\/p>\n\n\n\n<p>Afin d\u2019avoir plus d\u2019informations concernant les informations transmises \u00e0 Google LLC, sise au 1600 Amphitheatre Parkway, Mountain View, CA 94043, \u00c9tats-Unis, vous pouvez vous rendre sur cette page :https:<em>\/\/policies.google.com\/technologies\/ads<\/em><\/p>\n\n\n\n<p>Afin d\u2019avoir plus d\u2019informations concernant les informations transmises \u00e0 Facebook dont le responsable de traitement est Facebook Ireland Ltd. 4 Grand Canal Square &#8211; Grand Canal Harbour Dublin 2, Irlande, vous pouvez vous rendre sur cette page : https:<em>\/\/www.facebook.com\/about\/basics\/privacy-principles<\/em><\/p>\n\n\n\n<p>Les articles de ce site peuvent inclure des contenus int\u00e9gr\u00e9s (par exemple des vid\u00e9os, images, articles\u2026). Le contenu int\u00e9gr\u00e9 depuis d\u2019autres sites se comporte de la m\u00eame mani\u00e8re que si le visiteur se rendait sur cet autre site. Ces sites web pourraient collecter des donn\u00e9es sur vous, utiliser des cookies, embarquer des outils de suivis tiers, suivre vos interactions avec ces contenus embarqu\u00e9s si vous disposez d\u2019un compte connect\u00e9 sur leur site web.<\/p>\n\n\n\n<p>Si vous avez un compte et que vous vous connectez sur ce site, un cookie temporaire sera cr\u00e9\u00e9 afin de d\u00e9terminer si votre navigateur accepte les cookies. Il ne contient pas de donn\u00e9es personnelles et sera supprim\u00e9 automatiquement \u00e0 la fermeture de votre navigateur.<\/p>\n\n\n\n<p>Si le site dispose d\u2019un compte client, lorsque vous vous connecterez, nous mettrons en place un certain nombre de cookies pour enregistrer vos informations de connexion et vos pr\u00e9f\u00e9rences d\u2019\u00e9cran. La dur\u00e9e de vie d\u2019un cookie de connexion est de 2ans. Si vous cochez \u00ab Se souvenir de moi \u00bb, votre cookie de connexion sera conserv\u00e9 de fa\u00e7on illmit\u00e9e. Si vous vous d\u00e9connectez de votre compte, le cookie de connexion sera effac\u00e9.<\/p>\n\n\n\n<p>Conform\u00e9ment \u00e0 la r\u00e9glementation applicable en mati\u00e8re de protection des donn\u00e9es personnelles, vous disposez d\u2019un droit d\u2019acc\u00e8s, de rectification, d\u2019opposition, de limitation du traitement, de portabilit\u00e9 (pour demander le transfert de vos donn\u00e9es lorsque cela est possible) et d\u2019effacement.<\/p>\n\n\n\n<p>Vous pouvez donner aujourd\u2019hui des instructions sur le sort fait \u00e0 vos donn\u00e9es apr\u00e8s votre d\u00e9c\u00e8s.<\/p>\n\n\n\n<p>Pour cela merci de contacter la soci\u00e9t\u00e9 PK POOLS \u00e0 l&#8217;adresse contact@pk-pools.fr ou par courrier \u00e0 l&#8217;adresse suivante : Pierre Sabatier &#8211; PK POOLS &#8211; 239 CHEMIN DE MALPAS AU BATUT &#8211; 81600 GAILLAC<\/p>\n","protected":false},"excerpt":{"rendered":"<p>La soci\u00e9t\u00e9 PK POOLS utilise des cookies n\u00e9cessaires au fonctionnement du site. Certains cookies sont dits de tra\u00e7age car ils permettent au site internet d\u2019identifier votre navigateur afin de conserver l\u2019information de connexion \u00e0 votre compte, des informations de votre panier, de vos pr\u00e9f\u00e9rences. La soci\u00e9t\u00e9 PK POOLS utilise des<\/p>\n","protected":false},"author":1,"featured_media":0,"parent":0,"menu_order":0,"comment_status":"closed","ping_status":"closed","template":"","meta":{"inline_featured_image":false,"slim_seo":{"title":"Politique de cookies - PK POOLS - Les piscines du futur","description":"La soci\u00e9t\u00e9 PK POOLS utilise des cookies n\u00e9cessaires au fonctionnement du site. Certains cookies sont dits de tra\u00e7age car ils permettent au site internet d\u2019ident"},"footnotes":""},"class_list":["post-6338","page","type-page","status-publish","hentry"],"_links":{"self":[{"href":"https:\/\/pk-pools.fr\/en\/wp-json\/wp\/v2\/pages\/6338","targetHints":{"allow":["GET"]}}],"collection":[{"href":"https:\/\/pk-pools.fr\/en\/wp-json\/wp\/v2\/pages"}],"about":[{"href":"https:\/\/pk-pools.fr\/en\/wp-json\/wp\/v2\/types\/page"}],"author":[{"embeddable":true,"href":"https:\/\/pk-pools.fr\/en\/wp-json\/wp\/v2\/users\/1"}],"replies":[{"embeddable":true,"href":"https:\/\/pk-pools.fr\/en\/wp-json\/wp\/v2\/comments?post=6338"}],"version-history":[{"count":0,"href":"https:\/\/pk-pools.fr\/en\/wp-json\/wp\/v2\/pages\/6338\/revisions"}],"wp:attachment":[{"href":"https:\/\/pk-pools.fr\/en\/wp-json\/wp\/v2\/media?parent=6338"}],"curies":[{"name":"wp","href":"https:\/\/api.w.org\/{rel}","templated":true}]}}